{"id":108,"date":"2023-06-28T17:11:44","date_gmt":"2023-06-28T17:11:44","guid":{"rendered":"http:\/\/villanotredame.ca\/?page_id=108"},"modified":"2024-01-12T08:58:47","modified_gmt":"2024-01-12T13:58:47","slug":"mission","status":"publish","type":"page","link":"http:\/\/villanotredame.ca\/index.php\/mission\/","title":{"rendered":"Mission"},"content":{"rendered":"<div data-colibri-id=\"108-c1\" class=\"style-247 style-local-108-c1 position-relative\">\n  <!---->\n  <div data-colibri-component=\"section\" data-colibri-id=\"108-c2\" id=\"initial-content\" class=\"h-section h-section-global-spacing d-flex align-items-lg-center align-items-md-center align-items-center style-248 style-local-108-c2 position-relative\">\n    <!---->\n    <!---->\n    <div class=\"h-section-grid-container h-section-boxed-container\">\n      <!---->\n      <div data-colibri-id=\"108-c3\" class=\"h-row-container gutters-row-lg-2 gutters-row-md-2 gutters-row-0 gutters-row-v-lg-2 gutters-row-v-md-2 gutters-row-v-2 style-263 style-local-108-c3 position-relative\">\n        <!---->\n        <div class=\"h-row justify-content-lg-center justify-content-md-center justify-content-center align-items-lg-stretch align-items-md-stretch align-items-stretch gutters-col-lg-2 gutters-col-md-2 gutters-col-0 gutters-col-v-lg-2 gutters-col-v-md-2 gutters-col-v-2\">\n          <!---->\n          <div class=\"h-column h-column-container d-flex h-col-lg-auto h-col-md-auto h-col-auto style-264-outer style-local-108-c4-outer\">\n            <div data-colibri-id=\"108-c4\" class=\"d-flex h-flex-basis h-column__inner h-px-lg-2 h-px-md-2 h-px-2 v-inner-lg-2 v-inner-md-2 v-inner-2 style-264 style-local-108-c4 position-relative\">\n              <!---->\n              <!---->\n              <div class=\"w-100 h-y-container h-column__content h-column__v-align flex-basis-100 align-self-lg-start align-self-md-start align-self-start\">\n                <!---->\n                <div data-colibri-id=\"108-c5\" class=\"h-text h-text-component style-265 style-local-108-c5 position-relative h-element\">\n                  <!---->\n                  <!---->\n                  <div class=\"\">\n                    <p>Bienvenue \u00e0 la Villa Notre-Dame, une r\u00e9sidence o\u00f9 vous \u00eates trait\u00e9s avec courtoisie, \u00e9quit\u00e9 et compr\u00e9hension dans le respect de votre dignit\u00e9, de votre autonomie et de vos besoins.<\/p>\n                    <p>Notre mission est d\u2019offrir aux personnes \u00e2g\u00e9es un milieu de vie familial, s\u00e9curitaire et favorisant le maintien de l\u2019autonomie des personnes. Notre r\u00e9sidence de 94 unit\u00e9s est localis\u00e9e dans la municipalit\u00e9 de Ste-Agathe-Des-Monts \u00e0\n                      proximit\u00e9 du centre-ville, de l\u2019h\u00f4pital r\u00e9gional et les locaux du Club de l&#8217;\u00c2ge d&#8217;Or (la FADOQ) local<\/p>\n                    <p>Ainsi nous comptons:<\/p>\n                    <p>Offrir des services complets d\u2019h\u00e9bergement, g\u00eete et couvert, sur une base permanente ou temporaire, destin\u00e9s aux personnes \u00e2g\u00e9es, retrait\u00e9es, autonomes, en l\u00e9g\u00e8re perte d\u2019autonomie ou en convalescence. Maintenir le plus longtemps possible\n                      l\u2019autonomie int\u00e9grale, physique et morale de nos r\u00e9sidents.<\/p>\n                    <p>Offrir des services d\u2019aide aux AVQ (activit\u00e9s de vie quotidienne) ainsi qu\u2019aux AVD (activit\u00e9s de vie domestique).<\/p>\n                    <p>Am\u00e9liorer de fa\u00e7on constante la qualit\u00e9 de nos services envers nos r\u00e9sidents en utilisant les intelligences de notre entreprise et la mise \u00e0 jour de ses \u00e9quipements.<\/p>\n                    <p>\n                      <br>\n                    <\/p>\n                  <\/div>\n                <\/div>\n              <\/div>\n            <\/div>\n          <\/div>\n        <\/div>\n      <\/div>\n      <div data-colibri-id=\"108-c6\" class=\"h-row-container gutters-row-lg-2 gutters-row-md-2 gutters-row-0 gutters-row-v-lg-2 gutters-row-v-md-2 gutters-row-v-2 style-249 style-local-108-c6 position-relative\">\n        <!---->\n        <div class=\"h-row justify-content-lg-center justify-content-md-center justify-content-center align-items-lg-stretch align-items-md-stretch align-items-stretch gutters-col-lg-2 gutters-col-md-2 gutters-col-0 gutters-col-v-lg-2 gutters-col-v-md-2 gutters-col-v-2\">\n          <!---->\n          <div class=\"h-column h-column-container d-flex h-col-lg-auto h-col-md-auto h-col-auto style-250-outer style-local-108-c7-outer\">\n            <div data-colibri-id=\"108-c7\" class=\"d-flex h-flex-basis h-column__inner h-ui-empty-state-container h-px-lg-2 h-px-md-2 h-px-2 v-inner-lg-2 v-inner-md-2 v-inner-2 style-250 style-local-108-c7 position-relative\">\n              <!---->\n              <!---->\n              <div class=\"w-100 h-y-container h-column__content h-column__v-align flex-basis-100\">\n                <!---->\n              <\/div>\n            <\/div>\n          <\/div>\n        <\/div>\n      <\/div>\n    <\/div>\n  <\/div>\n<\/div>","protected":false},"excerpt":{"rendered":"<p>Bienvenue \u00e0 la Villa Notre-Dame, une r\u00e9sidence o\u00f9 vous \u00eates trait\u00e9s avec courtoisie, \u00e9quit\u00e9 et compr\u00e9hension dans le respect de votre dignit\u00e9, de votre autonomie et de vos besoins. Notre mission est d\u2019offrir aux personnes \u00e2g\u00e9es un milieu de vie familial, s\u00e9curitaire et favorisant le maintien de l\u2019autonomie des personnes. Notre r\u00e9sidence de 94 unit\u00e9s [&hellip;]<\/p>\n","protected":false},"author":1,"featured_media":0,"parent":0,"menu_order":0,"comment_status":"closed","ping_status":"closed","template":"page-templates\/full-width-page.php","meta":{"footnotes":""},"_links":{"self":[{"href":"http:\/\/villanotredame.ca\/index.php\/wp-json\/wp\/v2\/pages\/108"}],"collection":[{"href":"http:\/\/villanotredame.ca\/index.php\/wp-json\/wp\/v2\/pages"}],"about":[{"href":"http:\/\/villanotredame.ca\/index.php\/wp-json\/wp\/v2\/types\/page"}],"author":[{"embeddable":true,"href":"http:\/\/villanotredame.ca\/index.php\/wp-json\/wp\/v2\/users\/1"}],"replies":[{"embeddable":true,"href":"http:\/\/villanotredame.ca\/index.php\/wp-json\/wp\/v2\/comments?post=108"}],"version-history":[{"count":11,"href":"http:\/\/villanotredame.ca\/index.php\/wp-json\/wp\/v2\/pages\/108\/revisions"}],"predecessor-version":[{"id":938,"href":"http:\/\/villanotredame.ca\/index.php\/wp-json\/wp\/v2\/pages\/108\/revisions\/938"}],"wp:attachment":[{"href":"http:\/\/villanotredame.ca\/index.php\/wp-json\/wp\/v2\/media?parent=108"}],"curies":[{"name":"wp","href":"https:\/\/api.w.org\/{rel}","templated":true}]}}