{"id":142,"date":"2023-06-28T17:28:06","date_gmt":"2023-06-28T17:28:06","guid":{"rendered":"http:\/\/villanotredame.ca\/?page_id=142"},"modified":"2024-01-24T13:40:55","modified_gmt":"2024-01-24T18:40:55","slug":"activites","status":"publish","type":"page","link":"http:\/\/villanotredame.ca\/index.php\/activites\/","title":{"rendered":"Activit\u00e9s"},"content":{"rendered":"<div data-colibri-id=\"142-c1\" class=\"style-257 style-local-142-c1 position-relative\">\n  <!---->\n  <div data-colibri-component=\"section\" data-colibri-id=\"142-c2\" id=\"initial-content\" class=\"h-section h-section-global-spacing d-flex align-items-lg-center align-items-md-center align-items-center style-258 style-local-142-c2 position-relative\">\n    <!---->\n    <!---->\n    <div class=\"h-section-grid-container h-section-boxed-container\">\n      <!---->\n      <div data-colibri-id=\"142-c3\" class=\"h-row-container gutters-row-lg-2 gutters-row-md-2 gutters-row-0 gutters-row-v-lg-2 gutters-row-v-md-2 gutters-row-v-2 style-259 style-local-142-c3 position-relative\">\n        <!---->\n        <div class=\"h-row justify-content-lg-center justify-content-md-center justify-content-center align-items-lg-stretch align-items-md-stretch align-items-stretch gutters-col-lg-2 gutters-col-md-2 gutters-col-0 gutters-col-v-lg-2 gutters-col-v-md-2 gutters-col-v-2\">\n          <!---->\n          <div class=\"h-column h-column-container d-flex h-col-lg-auto h-col-md-auto h-col-auto style-260-outer style-local-142-c4-outer\">\n            <div data-colibri-id=\"142-c4\" class=\"d-flex h-flex-basis h-column__inner h-px-lg-2 h-px-md-2 h-px-2 v-inner-lg-2 v-inner-md-2 v-inner-2 style-260 style-local-142-c4 position-relative\">\n              <!---->\n              <!---->\n              <div class=\"w-100 h-y-container h-column__content h-column__v-align flex-basis-100 align-self-lg-start align-self-md-start align-self-start\">\n                <!---->\n                <div data-colibri-id=\"142-c5\" class=\"h-text h-text-component style-262 style-local-142-c5 position-relative h-element\">\n                  <!---->\n                  <!---->\n                  <div class=\"\">\n                    <p>La Villa Notre-Dame favorise les activit\u00e9s de loisirs et de vie communautaire.<\/p>\n                    <p>Voici des exemples d&#8217;activit\u00e9s pouvant \u00eatre offertes:<\/p>\n                    <ul>\n                      <li>Jeux de soci\u00e9t\u00e9s (cartes, dames, \u00e9chec, scrabble, Skip Bo, dominos, etc.)<\/li>\n                      <li>Jeux de groupe (tournoi de poches, bingo, billard, guerre des clans, vid\u00e9o quilles, golf, tennis, etc.)<\/li>\n                      <li>Club de bridge<\/li>\n                      <li>Bricolage et d\u00e9corations<\/li>\n                      <li>Exercices physiques adapt\u00e9s (Vie Active)<\/li>\n                      <li>Groupe de croissance<\/li>\n                      <li>Chants, chorale, piano, orgue, Karaok\u00e9<\/li>\n                      <li>Messe quotidienne, chapelet, adoration<\/li>\n                      <li>Ordinateur public disponible, Wifi de base<\/li>\n                      <li>Biblioth\u00e8que, vid\u00e9oth\u00e8que, audioth\u00e8que<\/li>\n                      <li>Couture, club des tricoteuses, club de marche<\/li>\n                      <li>Conf\u00e9rences sur des sujets de culture g\u00e9n\u00e9rale (histoire, g\u00e9o, fran\u00e7ais, informatique, etc.)<\/li>\n                      <li>Spectacles divers: chansonnier, humour, imitations, th\u00e9\u00e2tre<\/li>\n                      <li>F\u00eates annuelles (No\u00ebl, St-Valentin, P\u00e2ques, f\u00eate des m\u00e8res, f\u00eates des p\u00e8res, St-Jean-Baptiste, Halloween, cabane \u00e0 sucre maison, etc.)<\/li>\n                      <li>Anniversaires de naissance (d\u00eener sp\u00e9cial)<\/li>\n                      <li>T\u00e9l\u00e9vision en circuit ferm\u00e9, cin\u00e9ma<\/li>\n                      <li>Sorties organis\u00e9es<\/li>\n                      <li>Zooth\u00e9rapie<\/li>\n                      <li>Jeux et activit\u00e9s initi\u00e9s par les r\u00e9sidents<\/li>\n                      <li>Spa &amp; piscine\n                        <br>\n                      <\/li>\n                    <\/ul>\n                    <p>Et bien plus<\/p>\n                    <p><em>\u00c0 proximit\u00e9 du club d\u2019\u00e2ge d\u2019or (FADOQ) (danse, bingo, culture physique, jeux de soci\u00e9t\u00e9, p\u00e9tanque, billard, voyage, etc.)<\/em><\/p>\n                    <p>\n                      <br>\n                    <\/p>\n                    <p>\n                      <br>\n                    <\/p>\n                  <\/div>\n                <\/div>\n              <\/div>\n            <\/div>\n          <\/div>\n        <\/div>\n      <\/div>\n    <\/div>\n  <\/div>\n<\/div>","protected":false},"excerpt":{"rendered":"<p>La Villa Notre-Dame favorise les activit\u00e9s de loisirs et de vie communautaire. Voici des exemples d&#8217;activit\u00e9s pouvant \u00eatre offertes: Jeux de soci\u00e9t\u00e9s (cartes, dames, \u00e9chec, scrabble, Skip Bo, dominos, etc.) Jeux de groupe (tournoi de poches, bingo, billard, guerre des clans, vid\u00e9o quilles, golf, tennis, etc.) Club de bridge Bricolage et d\u00e9corations Exercices physiques adapt\u00e9s [&hellip;]<\/p>\n","protected":false},"author":1,"featured_media":0,"parent":0,"menu_order":0,"comment_status":"closed","ping_status":"closed","template":"page-templates\/full-width-page.php","meta":{"footnotes":""},"_links":{"self":[{"href":"http:\/\/villanotredame.ca\/index.php\/wp-json\/wp\/v2\/pages\/142"}],"collection":[{"href":"http:\/\/villanotredame.ca\/index.php\/wp-json\/wp\/v2\/pages"}],"about":[{"href":"http:\/\/villanotredame.ca\/index.php\/wp-json\/wp\/v2\/types\/page"}],"author":[{"embeddable":true,"href":"http:\/\/villanotredame.ca\/index.php\/wp-json\/wp\/v2\/users\/1"}],"replies":[{"embeddable":true,"href":"http:\/\/villanotredame.ca\/index.php\/wp-json\/wp\/v2\/comments?post=142"}],"version-history":[{"count":20,"href":"http:\/\/villanotredame.ca\/index.php\/wp-json\/wp\/v2\/pages\/142\/revisions"}],"predecessor-version":[{"id":1079,"href":"http:\/\/villanotredame.ca\/index.php\/wp-json\/wp\/v2\/pages\/142\/revisions\/1079"}],"wp:attachment":[{"href":"http:\/\/villanotredame.ca\/index.php\/wp-json\/wp\/v2\/media?parent=142"}],"curies":[{"name":"wp","href":"https:\/\/api.w.org\/{rel}","templated":true}]}}