{"id":201,"date":"2023-06-28T18:04:53","date_gmt":"2023-06-28T18:04:53","guid":{"rendered":"http:\/\/villanotredame.ca\/?page_id=201"},"modified":"2024-01-12T09:02:48","modified_gmt":"2024-01-12T14:02:48","slug":"prix","status":"publish","type":"page","link":"http:\/\/villanotredame.ca\/index.php\/prix\/","title":{"rendered":"Prix"},"content":{"rendered":"<div data-colibri-id=\"201-c1\" class=\"style-242 style-local-201-c1 position-relative\">\n  <!---->\n  <div data-colibri-component=\"section\" data-colibri-id=\"201-c2\" id=\"custom\" class=\"h-section h-section-global-spacing d-flex align-items-lg-center align-items-md-center align-items-center style-266 style-local-201-c2 position-relative\">\n    <!---->\n    <!---->\n    <div class=\"h-section-grid-container h-section-boxed-container\">\n      <!---->\n      <div data-colibri-id=\"201-c3\" class=\"h-row-container gutters-row-lg-2 gutters-row-md-2 gutters-row-0 gutters-row-v-lg-2 gutters-row-v-md-2 gutters-row-v-2 style-269 style-local-201-c3 position-relative\">\n        <!---->\n        <div class=\"h-row justify-content-lg-center justify-content-md-center justify-content-center align-items-lg-stretch align-items-md-stretch align-items-stretch gutters-col-lg-2 gutters-col-md-2 gutters-col-0 gutters-col-v-lg-2 gutters-col-v-md-2 gutters-col-v-2\">\n          <!---->\n          <div class=\"h-column h-column-container d-flex h-col-lg-auto h-col-md-auto h-col-auto style-270-outer style-local-201-c4-outer\">\n            <div data-colibri-id=\"201-c4\" class=\"d-flex h-flex-basis h-column__inner h-px-lg-2 h-px-md-2 h-px-2 v-inner-lg-2 v-inner-md-2 v-inner-2 style-270 style-local-201-c4 position-relative\">\n              <!---->\n              <!---->\n              <div class=\"w-100 h-y-container h-column__content h-column__v-align flex-basis-100 align-self-lg-start align-self-md-start align-self-start\">\n                <!---->\n                <div data-colibri-id=\"201-c5\" class=\"h-text h-text-component style-271 style-local-201-c5 position-relative h-element\">\n                  <!---->\n                  <!---->\n                  <div class=\"\">\n                    <p>Les prix de base varient en fonction des sp\u00e9cificit\u00e9s de la chambre et d\u2019une occupation individuelle ou en couple. Les prix d\u00e9butent \u00e0 1300$ par mois.<\/p>\n                    <p>\u00c0 cela s\u2019ajoute le co\u00fbt des soins et services suppl\u00e9mentaires demand\u00e9s par le r\u00e9sident. Les prix sont sujet \u00e0 changement en cours d\u2019ann\u00e9e. Il est important de communiquer avec le service de location \u00e0 ce sujet.<\/p>\n                    <p>Pour les personnes de 70 ans et plus, le gouvernement offre un cr\u00e9dit d&#8217;impot pour maintien \u00e0 domicile, d\u00e9pos\u00e9 directement dans le compte bancaire de l&#8217;usager. <\/p>\n                    <p>Le montant vers\u00e9 peut varier selon le prix du logement et des services demand\u00e9s par le r\u00e9sident; la majorit\u00e9 des r\u00e9sidents re\u00e7oivent plus de 400$, et selon les besoins, ils peuvent recevoir au-del\u00e0 de 850$<\/p>\n                    <p>\n                      <br>\n                    <\/p>\n                  <\/div>\n                <\/div>\n              <\/div>\n            <\/div>\n          <\/div>\n        <\/div>\n      <\/div>\n      <div data-colibri-id=\"201-c6\" class=\"h-row-container gutters-row-lg-2 gutters-row-md-2 gutters-row-0 gutters-row-v-lg-2 gutters-row-v-md-2 gutters-row-v-2 style-267 style-local-201-c6 position-relative\">\n        <!---->\n        <div class=\"h-row justify-content-lg-center justify-content-md-center justify-content-center align-items-lg-stretch align-items-md-stretch align-items-stretch gutters-col-lg-2 gutters-col-md-2 gutters-col-0 gutters-col-v-lg-2 gutters-col-v-md-2 gutters-col-v-2\">\n          <!---->\n          <div class=\"h-column h-column-container d-flex h-col-lg-auto h-col-md-auto h-col-auto style-268-outer style-local-201-c7-outer\">\n            <div data-colibri-id=\"201-c7\" class=\"d-flex h-flex-basis h-column__inner h-ui-empty-state-container h-px-lg-2 h-px-md-2 h-px-2 v-inner-lg-2 v-inner-md-2 v-inner-2 style-268 style-local-201-c7 position-relative\">\n              <!---->\n              <!---->\n              <div class=\"w-100 h-y-container h-column__content h-column__v-align flex-basis-100\">\n                <!---->\n              <\/div>\n            <\/div>\n          <\/div>\n        <\/div>\n      <\/div>\n    <\/div>\n  <\/div>\n<\/div>","protected":false},"excerpt":{"rendered":"<p>Les prix de base varient en fonction des sp\u00e9cificit\u00e9s de la chambre et d\u2019une occupation individuelle ou en couple. Les prix d\u00e9butent \u00e0 1300$ par mois. \u00c0 cela s\u2019ajoute le co\u00fbt des soins et services suppl\u00e9mentaires demand\u00e9s par le r\u00e9sident. Les prix sont sujet \u00e0 changement en cours d\u2019ann\u00e9e. Il est important de communiquer avec [&hellip;]<\/p>\n","protected":false},"author":1,"featured_media":0,"parent":0,"menu_order":0,"comment_status":"closed","ping_status":"closed","template":"page-templates\/full-width-page.php","meta":{"footnotes":""},"_links":{"self":[{"href":"http:\/\/villanotredame.ca\/index.php\/wp-json\/wp\/v2\/pages\/201"}],"collection":[{"href":"http:\/\/villanotredame.ca\/index.php\/wp-json\/wp\/v2\/pages"}],"about":[{"href":"http:\/\/villanotredame.ca\/index.php\/wp-json\/wp\/v2\/types\/page"}],"author":[{"embeddable":true,"href":"http:\/\/villanotredame.ca\/index.php\/wp-json\/wp\/v2\/users\/1"}],"replies":[{"embeddable":true,"href":"http:\/\/villanotredame.ca\/index.php\/wp-json\/wp\/v2\/comments?post=201"}],"version-history":[{"count":20,"href":"http:\/\/villanotredame.ca\/index.php\/wp-json\/wp\/v2\/pages\/201\/revisions"}],"predecessor-version":[{"id":959,"href":"http:\/\/villanotredame.ca\/index.php\/wp-json\/wp\/v2\/pages\/201\/revisions\/959"}],"wp:attachment":[{"href":"http:\/\/villanotredame.ca\/index.php\/wp-json\/wp\/v2\/media?parent=201"}],"curies":[{"name":"wp","href":"https:\/\/api.w.org\/{rel}","templated":true}]}}