{"id":220,"date":"2023-06-28T18:22:30","date_gmt":"2023-06-28T18:22:30","guid":{"rendered":"http:\/\/villanotredame.ca\/?page_id=220"},"modified":"2023-07-07T14:05:39","modified_gmt":"2023-07-07T18:05:39","slug":"temoignages","status":"publish","type":"page","link":"http:\/\/villanotredame.ca\/index.php\/temoignages\/","title":{"rendered":"T\u00e9moignages"},"content":{"rendered":"<div data-colibri-id=\"220-c1\" class=\"style-227 style-local-220-c1 position-relative\">\n  <!---->\n  <div data-colibri-component=\"section\" data-colibri-id=\"220-c2\" id=\"custom\" class=\"h-section h-section-global-spacing d-flex align-items-lg-center align-items-md-center align-items-center style-278 style-local-220-c2 position-relative\">\n    <!---->\n    <!---->\n    <div class=\"h-section-grid-container h-section-boxed-container\">\n      <!---->\n      <div data-colibri-id=\"220-c3\" class=\"h-row-container gutters-row-lg-2 gutters-row-md-2 gutters-row-0 gutters-row-v-lg-2 gutters-row-v-md-2 gutters-row-v-2 style-279 style-local-220-c3 position-relative\">\n        <!---->\n        <div class=\"h-row justify-content-lg-center justify-content-md-center justify-content-center align-items-lg-stretch align-items-md-stretch align-items-stretch gutters-col-lg-2 gutters-col-md-2 gutters-col-0 gutters-col-v-lg-2 gutters-col-v-md-2 gutters-col-v-2\">\n          <!---->\n          <div class=\"h-column h-column-container d-flex h-col-lg-auto h-col-md-auto h-col-auto style-280-outer style-local-220-c4-outer\">\n            <div data-colibri-id=\"220-c4\" class=\"d-flex h-flex-basis h-column__inner h-px-lg-2 h-px-md-2 h-px-2 v-inner-lg-2 v-inner-md-2 v-inner-2 style-280 style-local-220-c4 position-relative\">\n              <!---->\n              <!---->\n              <div class=\"w-100 h-y-container h-column__content h-column__v-align flex-basis-100 align-self-lg-start align-self-md-start align-self-start\">\n                <!---->\n                <div data-colibri-id=\"220-c5\" class=\"h-text h-text-component style-281 style-local-220-c5 position-relative h-element\">\n                  <!---->\n                  <!---->\n                  <div class=\"\">\n                    <p>\n                      <br>\n                    <\/p>\n                    <p>\n                      <br>\n                    <\/p>\n                    <p>\n                      <br>\n                    <\/p>\n                    <p>J\u2019ai fait quelques rencontres pour conna\u00eetre le climat ressenti par les r\u00e9sidents. L\u2019une d\u2019elle qui vit ici depuis quelques ann\u00e9es m\u2019a dit: \u00ab ce que j\u2019aime c\u2019est la pleine s\u00e9curit\u00e9 \u00bb. C\u2019est aussi la vie de famille, le comportement\n                      fraternel, franc et simple. La diversit\u00e9 des programmes de chaque jour montre votre souci pour notre \u00e9panouissement. \u2026 les mots nous manquent pour vous dire combien nous appr\u00e9cions ce que nous vivons ici, \u00e0 tel point qu\u2019un r\u00e9sident\n                      m\u2019a confi\u00e9: Ici, Je me sens au paradis. C.L.<\/p>\n                    <p>\n                      <br>\n                    <\/p>\n                    <p><span style=\"color: rgb(4, 255, 96);\">Je vous \u00e9cris ces quelques mots pour vous dire un gros MERCI. Ma m\u00e8re me disait souvent combien vous \u00e9tiez bon pour elle. Vous lui avez donn\u00e9 la s\u00e9curit\u00e9 et le r\u00e9confort jusqu\u2019\u00e0 la fin M\u00eame \u00e0 l\u2019h\u00f4pital vous \u00e9tiez l\u00e0 \u00e0 c\u00f4t\u00e9 d\u2019elle pour la r\u00e9conforter. Je vous connais tous gr\u00e2ce \u00e0 maman. Elle m\u2019a tellement parl\u00e9 de vous en bien. Vous faites votre travail avec tellement d\u2019amour que maman se sentait comme chez elle avec sa \u00ab gang \u00bb comme elle disait. D.L.<\/span><\/p>\n                    <p>\n                      <br>\n                    <\/p>\n                    <p>Je tiens \u00e0 vous dire toute ma reconnaissance pour m\u2019avoir accueilli. Vous r\u00e9alisez sans doute combien j\u2019appr\u00e9cie le climat de fraternit\u00e9 qui r\u00e8gne ici. J.G.B<\/p>\n                    <p>\n                      <br>\n                    <\/p>\n                    <p><span style=\"color: rgb(4, 255, 96);\">Je vous aime d\u2019un amour de tendresse. R.F.<\/span><\/p>\n                    <p>\n                      <br>\n                    <\/p>\n                    <p>Merci pour votre accueil chaleureux. M.A.C.<\/p>\n                    <p>\n                      <br>\n                    <\/p>\n                    <p><span style=\"color: rgb(4, 255, 96);\">La Villa Notre-Dame peut \u00eatre fi\u00e8re de son personnel comp\u00e9tent, d\u00e9vou\u00e9, respectueux m\u00eame affectueux. M.C.L.<\/span><\/p>\n                    <p>\n                      <br>\n                    <\/p>\n                    <p>Vous \u00eates tous des gens de c\u0153ur et notre maman vous aimait beaucoup. Merci de tenir une r\u00e9sidence pratiquement familiale car on se sentait toujours \u00e0 l\u2019aise de venir voir notre m\u00e8re et on \u00e9tait bien re\u00e7u. Merci pour tout le support\n                      que vous nous avez donn\u00e9. F.P.<\/p>\n                    <p>\n                      <br>\n                    <\/p>\n                    <p><span style=\"color: rgb(4, 255, 96);\">Mille mercis \u00e0 vous tous. Pour ces quatre belles ann\u00e9es que mon p\u00e8re a pass\u00e9 parmi vous. Votre grande tol\u00e9rance face \u00e0 sa situation nous a beaucoup facilit\u00e9 la t\u00e2che. Nous tenions \u00e0 remercier tout le personnel pour leur gentillesse, leur g\u00e9n\u00e9rosit\u00e9 et leur patience. Vous avez tous \u00e9t\u00e9 extraordinaire et nous avons, nous aussi, pass\u00e9 du bon temps avec vous tous. Famille P.<\/span><\/p>\n                    <p>\n                      <br>\n                    <\/p>\n                    <p>Ne serait-ce pas l\u2019occasion de vous dire combien nous appr\u00e9cions la grande g\u00e9n\u00e9rosit\u00e9 de votre c\u0153ur chacun \u00e0 votre fa\u00e7on? Nous savons, c\u2019est si \u00e9vident, que vous nous aimez. Nous aussi nous vous aimons. Vous nous \u00eates devenus tr\u00e8s\n                      chers. Les r\u00e9sidents 2007<\/p>\n                    <p>J\u2019aime tr\u00e8s bien \u00e7a ici. C\u2019est comme une famille. Tout le monde s\u2019aide les uns les autres et j\u2019aime les activit\u00e9s surtout les fins de semaine. Je suis contente de me trouver ici parmi vous et je ne regrette pas du tout mon choix. I.C.<\/p>\n                    <p>\n                      <br>\n                    <\/p>\n                    <p><span style=\"color: rgb(4, 255, 96);\">Je n\u2019avais jamais vu une si belle famille. La bonne humeur r\u00e8gne, on rit on chante on se rend service. A tout vent on s\u00e8me la joie. Oui voil\u00e0 c\u2019est ma famille, votre famille La Villa Notre-Dame. R.R. et C.L.<\/span><\/p>\n                    <p>\n                      <br>\n                    <\/p>\n                    <p>Merci \u00e0 chacun et chacune de vous qui par vos sourires, vos paroles et vos attentions avez procur\u00e9 \u00e0 notre m\u00e8re quatre belles ann\u00e9es de chaleur humaine. M.L.P.<\/p>\n                    <p>\n                      <br>\n                    <\/p>\n                    <p><span style=\"color: rgb(4, 255, 96);\">Je veux par la pr\u00e9sente exprimer ma gratitude envers ceux et celles qui rendent nos s\u00e9jours si agr\u00e9ables et si s\u00e9curitaires. L\u2019atmosph\u00e8re que vous cr\u00e9ez nous rend heureux d\u2019\u00eatre avec vous. R.R.<\/span><\/p>\n                    <p>\n                      <br>\n                    <\/p>\n                    <p>Je tiens \u00e0 vous exprimer un merci sp\u00e9cial pour votre accueil fraternel. Merci \u00e9galement pour les bons soins prodigu\u00e9s \u00e0 maman par un personnel consciencieux et aimant L.F.<\/p>\n                    <p>Un simple petit mot pour vous remercier tous sans exception pour l\u2019affection et la disponibilit\u00e9 qu\u2019ils ont t\u00e9moign\u00e9 \u00e0 notre m\u00e8re durant cette derni\u00e8re ann\u00e9e. La chaleur humaine dont tout le monde l\u2019a entour\u00e9 a permis qu\u2019elle soit\n                      tr\u00e8s heureuse ici. G.G.<\/p>\n                    <p>\n                      <br>\n                    <\/p>\n                    <p><span style=\"color: rgb(4, 255, 96);\">Je vous remercie d\u2019avoir pris soin de ma m\u00e8re. Je tenais \u00e0 vous dire que j\u2019ai beaucoup appr\u00e9ci\u00e9 votre gentillesse patience g\u00e9n\u00e9rosit\u00e9 et d\u00e9vouement. Affectueusement. D.D.<\/span><\/p>\n                    <p><span style=\"color: rgb(4, 255, 96);\">Merci pour ces 11 belles ann\u00e9es pass\u00e9 avec vous. En entrant \u00e0 la Villa ma m\u00e8re a senti tout de suite la s\u00e9curit\u00e9 et le plaisir de demeurer ici. C.D.<\/span><\/p>\n                    <p>\n                      <br>\n                    <\/p>\n                    <p>A toute l\u2019\u00e9quipe des employ\u00e9s de la Villa Notre-Dame. BRAVO. Avec toutes vos bonnes attentions \u00e7a m\u2019a permis grandement \u00e0 passer ma convalescence sans oublier la tr\u00e8s succulente nourriture du chef. N.B.<\/p>\n                    <p>\n                      <br>\n                    <\/p>\n                    <p><span style=\"color: rgb(4, 255, 96);\">Toute la famille tient \u00e0 vous remercier pour l\u2019hospitalit\u00e9 offerte \u00e0 ma m\u00e8re. Elle a beaucoup appr\u00e9ci\u00e9 son s\u00e9jour, la proximit\u00e9, le support que vous lui avez port\u00e9. L.M.<\/span><\/p>\n                    <p>\n                      <br>\n                    <\/p>\n                    <p>J\u2019en profite pour vous remercier de tous les bons soins et attentions apport\u00e9s \u00e0 F. et sa grande s\u0153ur D. R.M.<\/p>\n                    <p>\n                      <br>\n                    <\/p>\n                    <p><span style=\"color: rgb(4, 255, 96);\">Merci pour tout le support moral, la compr\u00e9hension, la patience les bons soins sur ses derniers moments pass\u00e9s avec vous. Elle fut heureuse \u00e0 la Villa durant ces 9 ann\u00e9es chez vous. R.L.<\/span><\/p>\n                    <p>\n                      <br>\n                    <\/p>\n                    <p>Nous remercions tous ceux et celles qui ont particip\u00e9 de pr\u00e8s ou de loin au bien \u00eatre de notre ch\u00e8re maman. C\u00f4toyer tous les jours les r\u00e9sidents \u00e9tait pour elle une source de bonheur. Gr\u00e2ce \u00e0 vous, ses journ\u00e9es \u00e9taient plus faciles\n                      et rassurantes. Nous penserons tous \u00e0 elle le 5 janvier prochain et f\u00eaterons dans nos c\u0153urs les 100 ans qu\u2019elle aurait eus et qu\u2019elle voulait f\u00eater avec vous tous. Famille C.<\/p>\n                    <p>\n                      <br>\n                    <\/p>\n                    <p><span style=\"color: rgb(4, 255, 96);\">\u00ab Pour moi, me rendre tous les matins \u00e0 la Villa Notre-Dame pour y travailler me comble de bonheur et de joie. Je ne peux demander mieux comme endroit pour travailler. L\u2019atmosph\u00e8re de la maison est tellement chaleureuse, Familiale, enrichie de belles exp\u00e9riences de vie et en plus c\u00f4toyer les personnes \u00e2g\u00e9es est une chance de vie\u2026 Ils (elles) ont tellement \u00e0 partager, \u00e0 donner que pour nous c\u2019est un plaisir incontournable de travailler aupr\u00e8s D\u2019eux. Merci pour les belles ann\u00e9es pass\u00e9es et pr\u00e9sentes\u2026 \u00bb Une employ\u00e9e<\/span><\/p>\n                    <p>\n                      <br>\n                    <\/p>\n                    <p>Depuis que je suis \u00e0 cet emploi, je me sens si bien qu\u2019on dirait que c\u2019est comme un r\u00eave d\u2019avoir trouv\u00e9 ce Merveilleux emploi. Nous faisons une \u00e9quipe extraordinaire, \u00bb Une pr\u00e9pos\u00e9es aux chambres<\/p>\n                    <p>\n                      <br>\n                    <\/p>\n                    <p><span style=\"color: rgb(4, 255, 96);\">D\u00e8s ma premi\u00e8re entrevue, j\u2019ai \u00e9t\u00e9 s\u00e9duit par l\u2019environnement et le cachet tr\u00e8s particulier de la Villa Notre-Dame. Aussi, depuis le moment o\u00f9 j\u2019ai commenc\u00e9 \u00e0 travailler, j\u2019ai \u00e9t\u00e9 inspir\u00e9 par le charisme de cette b\u00e2tisse qui offre de Multiples histoires de vie pour chacune des personnes qui ont v\u00e9cu ici. Mon c\u0153ur beigne encore \u00e0 chaque jour \u00e0 ce travail qui est devenu une grande source de richesse, d\u2019apprentissage et d\u2019ouverture sur ma propre personne. \u00bb Un employ\u00e9<\/span><\/p>\n                    <p>\n                      <br>\n                    <\/p>\n                    <p>Merci\u2026 on sent que vous avez \u00e0 c\u0153ur le bien-\u00eatre de vos prot\u00e9g\u00e9s. La Villa respire la chaleur humaine et la joie de vivre. Les rencontres que j\u2019y ai fait m\u2019ont permis de r\u00e9aliser \u00e0 quel point la beaut\u00e9 du c\u0153ur et de l\u2019esprit est tellement\n                      plus importante que celle du corps. Aussi, je retiens de cette exp\u00e9rience que l\u2019amiti\u00e9 prend une tr\u00e8s grande importance \u00e0 cette \u00e9tape de la vie\u2026..Merci. \u00bb Une stagiaire, La rousse<\/p>\n                    <p>\n                      <br>\n                    <\/p>\n                    <p><span style=\"color: rgb(4, 255, 96);\">Nous d\u00e9sirons remercier tous ceux et celles qui ont par leur pr\u00e9sence, par de petits services, de petites attentions ont permis \u00e0 notre m\u00e8re de traverser cette derni\u00e8re \u00e9tape le plus librement et sereinement possible\u2026 \u00bb Famille L.<\/span><\/p>\n                    <p>\n                      <br>\n                    <\/p>\n                    <p>Je vous remercie sinc\u00e8rement M et Mme Mongeau d\u2019avoir permis \u00e0 ma m\u00e8re d\u2019entrer dans votre petite famille et en avoir pris soin jusqu\u2019au bout et la fin de sa vie. Sans vous, je n\u2019aurais pas pu \u00eatre aupr\u00e8s de ma m\u00e8re \u00e0 Ste-Agathe\u2026et\n                      cette famille \u00e9t\u00e9 la mienne pendant 4 mois. Jamais je n\u2019aurai de mots pour vous remercier assez\u2026 Ma maman n\u2019a jamais eu grande chance avec sa sant\u00e9, alors pour moi de la savoir entrer bonnes mains, jusqu\u2019\u00e0 la fin, m\u2019a laiss\u00e9 le temps\n                      d\u2019\u00eatre avec elle pr\u00e8s de moi\u2026 Mme R.<\/p>\n                    <p>\n                      <br>\n                    <\/p>\n                    <p><span style=\"color: rgb(4, 255, 96);\">Ch\u00e8re famille Mongeau, d\u00e8s que j\u2019ai franchi le seuil de votre porte, j\u2019ai ressenti tout l\u2019amour, le d\u00e9vouement et la chaleur \u00e9manant de vous. Ce fut un merveilleux cadeau du destin\u2026. C\u2019est un r\u00e9el baume \u00e0 l\u2019\u00e2me de rencontrer des gens qui aident avec tant de sinc\u00e9rit\u00e9 ceux dans le besoin\u2026 Que la vie soit pour vous\u2026. Une convalescente, Mme M.<\/span><\/p>\n                    <p>\n                      <br>\n                    <\/p>\n                    <p>On m\u2019a inform\u00e9 de cette belle exp\u00e9rience que vous avez offerte \u00e0 ma m\u00e8re. Je savais que vous \u00e9tiez les meilleurs, maintenant je peux le confirmer. Maman et mes s\u0153urs se sont senties entour\u00e9. Transmettez mes remerciements \u00e0 Karine et\n                      toute votre \u00e9quipe.<\/p>\n                    <p>\n                      <br>\n                    <\/p>\n                    <p><span style=\"color: rgb(4, 255, 96);\">Je vous remercie pour tout ce que vous faites pour maman. C\u2019est vraiment remarquable. Votre personnel est si chaleureux, attentif. Vos r\u00e9sidents sont tous tr\u00e8s heureux, \u00e7a se voit. Vous prolongez leur esp\u00e9rance de vie! Si possible, je me retirerai bien chez vous en occupant la chambre 302!!!!! Famille d\u2019une r\u00e9sidente<\/span><\/p>\n                    <p>\n                      <br>\n                    <\/p>\n                    <p>Mme Mongeau, Bonne f\u00eate \u00e0 une amie\u2026 aimable, humaine et compr\u00e9hensive. Une bonne ann\u00e9e pour toujours. Merci pour tout. BB une r\u00e9sidente<\/p>\n                    <p>\n                      <br>\n                    <\/p>\n                    <p><span style=\"color: rgb(4, 255, 96);\">Toujours d\u00e9vou\u00e9, aimant et plein d\u2019amour, vous avez toute notre gratitude la plus sinc\u00e8re. Vous avez su accueillir ma m\u00e8re comme elle \u00e9tait et sans jugement. C\u2019est la force des \u00e9v\u00e9nements qui a fait qu\u2019elle a d\u00fb vous quitter et non sans regret. Je vous porte dans mon c\u0153ur pour tous les bons soins prodigu\u00e9s. Au nom de ma famille, le plus gros des MERCIS. Famille M<\/span><\/p>\n                  <\/div>\n                <\/div>\n              <\/div>\n            <\/div>\n          <\/div>\n        <\/div>\n      <\/div>\n    <\/div>\n  <\/div>\n<\/div>","protected":false},"excerpt":{"rendered":"<p>J\u2019ai fait quelques rencontres pour conna\u00eetre le climat ressenti par les r\u00e9sidents. L\u2019une d\u2019elle qui vit ici depuis quelques ann\u00e9es m\u2019a dit: \u00ab ce que j\u2019aime c\u2019est la pleine s\u00e9curit\u00e9 \u00bb. C\u2019est aussi la vie de famille, le comportement fraternel, franc et simple. La diversit\u00e9 des programmes de chaque jour montre votre souci pour notre [&hellip;]<\/p>\n","protected":false},"author":1,"featured_media":0,"parent":0,"menu_order":0,"comment_status":"closed","ping_status":"closed","template":"page-templates\/full-width-page.php","meta":{"footnotes":""},"_links":{"self":[{"href":"http:\/\/villanotredame.ca\/index.php\/wp-json\/wp\/v2\/pages\/220"}],"collection":[{"href":"http:\/\/villanotredame.ca\/index.php\/wp-json\/wp\/v2\/pages"}],"about":[{"href":"http:\/\/villanotredame.ca\/index.php\/wp-json\/wp\/v2\/types\/page"}],"author":[{"embeddable":true,"href":"http:\/\/villanotredame.ca\/index.php\/wp-json\/wp\/v2\/users\/1"}],"replies":[{"embeddable":true,"href":"http:\/\/villanotredame.ca\/index.php\/wp-json\/wp\/v2\/comments?post=220"}],"version-history":[{"count":20,"href":"http:\/\/villanotredame.ca\/index.php\/wp-json\/wp\/v2\/pages\/220\/revisions"}],"predecessor-version":[{"id":664,"href":"http:\/\/villanotredame.ca\/index.php\/wp-json\/wp\/v2\/pages\/220\/revisions\/664"}],"wp:attachment":[{"href":"http:\/\/villanotredame.ca\/index.php\/wp-json\/wp\/v2\/media?parent=220"}],"curies":[{"name":"wp","href":"https:\/\/api.w.org\/{rel}","templated":true}]}}