{"id":255,"date":"2023-06-28T18:34:55","date_gmt":"2023-06-28T18:34:55","guid":{"rendered":"http:\/\/villanotredame.ca\/?page_id=255"},"modified":"2024-01-12T09:05:04","modified_gmt":"2024-01-12T14:05:04","slug":"services","status":"publish","type":"page","link":"http:\/\/villanotredame.ca\/index.php\/services\/","title":{"rendered":"Services"},"content":{"rendered":"<div data-colibri-id=\"255-c1\" class=\"style-237 style-local-255-c1 position-relative\">\n  <!---->\n  <div data-colibri-component=\"section\" data-colibri-id=\"255-c2\" id=\"custom\" class=\"h-section h-section-global-spacing d-flex align-items-lg-center align-items-md-center align-items-center style-272 style-local-255-c2 position-relative\">\n    <!---->\n    <!---->\n    <div class=\"h-section-grid-container h-section-boxed-container\">\n      <!---->\n      <div data-colibri-id=\"255-c3\" class=\"h-row-container gutters-row-lg-2 gutters-row-md-2 gutters-row-0 gutters-row-v-lg-2 gutters-row-v-md-2 gutters-row-v-2 style-275 style-local-255-c3 position-relative\">\n        <!---->\n        <div class=\"h-row justify-content-lg-center justify-content-md-center justify-content-center align-items-lg-stretch align-items-md-stretch align-items-stretch gutters-col-lg-2 gutters-col-md-2 gutters-col-0 gutters-col-v-lg-2 gutters-col-v-md-2 gutters-col-v-2\">\n          <!---->\n          <div class=\"h-column h-column-container d-flex h-col-lg-auto h-col-md-auto h-col-auto style-276-outer style-local-255-c4-outer\">\n            <div data-colibri-id=\"255-c4\" class=\"d-flex h-flex-basis h-column__inner h-px-lg-2 h-px-md-2 h-px-2 v-inner-lg-2 v-inner-md-2 v-inner-2 style-276 style-local-255-c4 position-relative\">\n              <!---->\n              <!---->\n              <div class=\"w-100 h-y-container h-column__content h-column__v-align flex-basis-100 align-self-lg-start align-self-md-start align-self-start\">\n                <!---->\n                <div data-colibri-id=\"255-c5\" class=\"h-text h-text-component style-277 style-local-255-c5 position-relative h-element\">\n                  <!---->\n                  <!---->\n                  <div class=\"\">\n                    <p>\u00c0 la Villa Notre-Dame, nous offrons toute une gamme de services qui pourront r\u00e9pondre aux besoins de nos r\u00e9sidents.<\/p>\n                    <p><strong>Voici la liste de nos services disponibles \u00e0 tous nos r\u00e9sidents:<\/strong><\/p>\n                    <p>Logement (\u00e9ventail de diff\u00e9rentes grandeurs de chambre avec toilette priv\u00e9e)<\/p>\n                    <p>Trois repas complets par jour<\/p>\n                    <p>C\u00e2ble et ligne t\u00e9l\u00e9phonique<\/p>\n                    <p>M\u00e9nage de la chambre<\/p>\n                    <p>Lessive des v\u00eatements et des draps<\/p>\n                    <p>Aide aux m\u00e9dicaments<\/p>\n                    <p>Services de sant\u00e9 : prise des signes vitaux, suivi m\u00e9dical de base, collaboration avec les diff\u00e9rents intervenants<\/p>\n                    <p>Alarme personnelle pour urgence<\/p>\n                    <p>Aide \u00e0 l\u2019obtention du cr\u00e9dit d\u2019imp\u00f4t pour le maintien \u00e0 domicile<\/p>\n                    <p>Services de pastorale, messe quotidienne (selon disponibilit\u00e9 des pr\u00eatres)<\/p>\n                    <p>Animation et loisirs<\/p>\n                    <p>Services complets de s\u00e9curit\u00e9 : alarme incendie reli\u00e9e \u00e0 la centrale, gicleurs, extincteurs, alarmes intrusion (portes), cam\u00e9ras Int. et ext.<\/p>\n                    <p>\u00c9lectricit\u00e9, chauffage, eau chaude<\/p>\n                    <p>Distribution du courrier<\/p>\n                    <p>\n                      <br>\n                    <\/p>\n                  <\/div>\n                <\/div>\n              <\/div>\n            <\/div>\n          <\/div>\n        <\/div>\n      <\/div>\n      <div data-colibri-id=\"255-c6\" class=\"h-row-container gutters-row-lg-2 gutters-row-md-2 gutters-row-0 gutters-row-v-lg-2 gutters-row-v-md-2 gutters-row-v-2 style-273 style-local-255-c6 position-relative\">\n        <!---->\n        <div class=\"h-row justify-content-lg-center justify-content-md-center justify-content-center align-items-lg-stretch align-items-md-stretch align-items-stretch gutters-col-lg-2 gutters-col-md-2 gutters-col-0 gutters-col-v-lg-2 gutters-col-v-md-2 gutters-col-v-2\">\n          <!---->\n          <div class=\"h-column h-column-container d-flex h-col-lg-auto h-col-md-auto h-col-auto style-274-outer style-local-255-c7-outer\">\n            <div data-colibri-id=\"255-c7\" class=\"d-flex h-flex-basis h-column__inner h-px-lg-2 h-px-md-2 h-px-2 v-inner-lg-2 v-inner-md-2 v-inner-2 style-274 style-local-255-c7 position-relative\">\n              <!---->\n              <!---->\n              <div class=\"w-100 h-y-container h-column__content h-column__v-align flex-basis-100 align-self-lg-start align-self-md-start align-self-start\">\n                <!---->\n                <div data-colibri-id=\"255-c8\" class=\"h-text h-text-component style-332 style-local-255-c8 position-relative h-element\">\n                  <!---->\n                  <!---->\n                  <div class=\"\">\n                    <p><strong style=\"font-weight: 700; font-family: Vollkorn; font-size: 183%;\">Autres services disponibles <u>avec frais<\/u> (liste non exhaustive)<\/strong><\/p>\n                    <p><strong style=\"font-weight: 700; font-family: Vollkorn; font-size: 183%;\">Aide aux bains<\/strong><\/p>\n                    <p><strong style=\"font-weight: 700; font-family: Vollkorn; font-size: 183%;\">Distribution et\/ou administration de m\u00e9dicaments<\/strong><\/p>\n                    <p><strong style=\"font-weight: 700; font-family: Vollkorn; font-size: 183%;\">L\u00e9gers travaux de maintenance.<\/strong><\/p>\n                    <p><strong style=\"font-weight: 700; font-family: Vollkorn; font-size: 183%;\">Aide domestique suppl\u00e9mentaire (refaire le lit, laver le frigo, laver les rideaux, etc.).<\/strong><\/p>\n                    <p><strong style=\"font-weight: 700; font-family: Vollkorn; font-size: 183%;\">Repas servis \u00e0 la chambre (en cabaret)<\/strong><\/p>\n                    <p><strong style=\"font-weight: 700; font-family: Vollkorn; font-size: 183%;\">Locker, stationnement<\/strong><\/p>\n                    <p><strong style=\"font-weight: 700; font-family: Vollkorn; font-size: 183%;\">Frais pour utilisation d\u2019un air climatis\u00e9 ou d\u2019un quadriporteur<\/strong><\/p>\n                    <p><strong style=\"font-weight: 700; font-family: Vollkorn; font-size: 183%;\">Coiffure<\/strong><\/p>\n                    <p><strong style=\"font-weight: 700; font-family: Vollkorn; font-size: 183%;\">Soins de pieds<\/strong><\/p>\n                    <p><strong style=\"font-weight: 700; font-family: Vollkorn; font-size: 183%;\">Laveuses, s\u00e9cheuses pour usage individuel et personnel.<\/strong><\/p>\n                  <\/div>\n                <\/div>\n              <\/div>\n            <\/div>\n          <\/div>\n        <\/div>\n      <\/div>\n    <\/div>\n  <\/div>\n<\/div>","protected":false},"excerpt":{"rendered":"<p>\u00c0 la Villa Notre-Dame, nous offrons toute une gamme de services qui pourront r\u00e9pondre aux besoins de nos r\u00e9sidents. Voici la liste de nos services disponibles \u00e0 tous nos r\u00e9sidents: Logement (\u00e9ventail de diff\u00e9rentes grandeurs de chambre avec toilette priv\u00e9e) Trois repas complets par jour C\u00e2ble et ligne t\u00e9l\u00e9phonique M\u00e9nage de la chambre Lessive des [&hellip;]<\/p>\n","protected":false},"author":1,"featured_media":0,"parent":0,"menu_order":0,"comment_status":"closed","ping_status":"closed","template":"page-templates\/full-width-page.php","meta":{"footnotes":""},"_links":{"self":[{"href":"http:\/\/villanotredame.ca\/index.php\/wp-json\/wp\/v2\/pages\/255"}],"collection":[{"href":"http:\/\/villanotredame.ca\/index.php\/wp-json\/wp\/v2\/pages"}],"about":[{"href":"http:\/\/villanotredame.ca\/index.php\/wp-json\/wp\/v2\/types\/page"}],"author":[{"embeddable":true,"href":"http:\/\/villanotredame.ca\/index.php\/wp-json\/wp\/v2\/users\/1"}],"replies":[{"embeddable":true,"href":"http:\/\/villanotredame.ca\/index.php\/wp-json\/wp\/v2\/comments?post=255"}],"version-history":[{"count":20,"href":"http:\/\/villanotredame.ca\/index.php\/wp-json\/wp\/v2\/pages\/255\/revisions"}],"predecessor-version":[{"id":973,"href":"http:\/\/villanotredame.ca\/index.php\/wp-json\/wp\/v2\/pages\/255\/revisions\/973"}],"wp:attachment":[{"href":"http:\/\/villanotredame.ca\/index.php\/wp-json\/wp\/v2\/media?parent=255"}],"curies":[{"name":"wp","href":"https:\/\/api.w.org\/{rel}","templated":true}]}}